{"id":17,"date":"2018-05-12T11:30:24","date_gmt":"2018-05-12T09:30:24","guid":{"rendered":"http:\/\/hofladen-rathmayr.at\/?page_id=17"},"modified":"2018-06-23T09:35:51","modified_gmt":"2018-06-23T07:35:51","slug":"produkte-und-service","status":"publish","type":"page","link":"https:\/\/hofladen-rathmayr.at\/index.php\/produkte-und-service\/","title":{"rendered":"Pers\u00f6nlicher Service"},"content":{"rendered":"<p>[et_pb_section fb_built=&#8220;1&#8243; _builder_version=&#8220;3.1.1&#8243; custom_padding=&#8220;120px|0px|12px|0px&#8220;][et_pb_row custom_padding=&#8220;13px|0px|12px|0px&#8220; _builder_version=&#8220;3.1.1&#8243;][et_pb_column type=&#8220;4_4&#8243; _builder_version=&#8220;3.0.47&#8243; parallax=&#8220;off&#8220; parallax_method=&#8220;on&#8220;][et_pb_text _builder_version=&#8220;3.1.1&#8243; inline_fonts=&#8220;Droid Serif&#8220;]<\/p>\n<h4 style=\"text-align: center;\"><span style=\"font-family: 'Droid Serif'; font-weight: normal; font-size: x-large; color: #0f8700;\">UNSER PERS\u00d6NLICHES SERVICE F\u00dcR SIE.<\/span><\/h4>\n<h4><\/h4>\n<p>[\/et_pb_text][\/et_pb_column][\/et_pb_row][\/et_pb_section][et_pb_section fb_built=&#8220;1&#8243; _builder_version=&#8220;3.0.47&#8243; custom_padding=&#8220;9px|0px|0|0px&#8220;][et_pb_row custom_padding=&#8220;15px|0px|3px|0px&#8220; _builder_version=&#8220;3.0.47&#8243; background_size=&#8220;initial&#8220; background_position=&#8220;top_left&#8220; background_repeat=&#8220;repeat&#8220;][et_pb_column type=&#8220;1_2&#8243; _builder_version=&#8220;3.0.47&#8243; parallax=&#8220;off&#8220; parallax_method=&#8220;on&#8220;][et_pb_image src=&#8220;https:\/\/hofladen-rathmayr.at\/wp-content\/uploads\/2018\/05\/rathmayr_jause_02.jpg&#8220; _builder_version=&#8220;3.1.1&#8243;]&nbsp;<br \/>\n[\/et_pb_image][\/et_pb_column][et_pb_column type=&#8220;1_2&#8243; _builder_version=&#8220;3.0.47&#8243; parallax=&#8220;off&#8220; parallax_method=&#8220;on&#8220;][et_pb_text _builder_version=&#8220;3.1.1&#8243; background_color=&#8220;#f2f2f2&#8243; custom_padding=&#8220;20px|20px|20px|20px&#8220; inline_fonts=&#8220;Droid Serif&#8220;]<\/p>\n<h4><span style=\"color: #000000; font-family: 'Droid Serif'; font-size: medium;\">&#8222;SCHMANKERL BUFFET&#8220;<\/span><\/h4>\n<p>&nbsp;<\/p>\n<h4><span style=\"color: #000000; font-family: Droid Serif; font-size: medium;\">Ob f\u00fcr Jubil\u00e4en, Firmenfeiern oder Geburtstage servieren wir f\u00fcr Sie ein schmackhaftes regionales Buffet.<\/span><\/h4>\n<h4><\/h4>\n<p>[\/et_pb_text][\/et_pb_column][\/et_pb_row][et_pb_row custom_padding=&#8220;15px|0px|3px|0px&#8220; _builder_version=&#8220;3.0.47&#8243; background_size=&#8220;initial&#8220; background_position=&#8220;top_left&#8220; background_repeat=&#8220;repeat&#8220;][et_pb_column type=&#8220;1_2&#8243; _builder_version=&#8220;3.0.47&#8243; parallax=&#8220;off&#8220; parallax_method=&#8220;on&#8220;][et_pb_text _builder_version=&#8220;3.1.1&#8243; background_color=&#8220;#f2f2f2&#8243; custom_padding=&#8220;20px|20px|20px|20px&#8220; inline_fonts=&#8220;Droid Serif&#8220;]<\/p>\n<h4><span style=\"color: #000000; font-family: 'Droid Serif'; font-size: medium;\">&#8222;Schmankerl-Korb&#8220;\u00a0<\/span><\/h4>\n<h4>\u00a0<span style=\"font-size: medium;\"><span style=\"color: #000000; font-family: 'Droid Serif';\">Als Geschenk oder Mitbringsel eignet sich ein regionaler &#8222;Schmankerl-Korb&#8220; individuell auf Ihren Preiswunsch abgestimmt.\u00a0<br \/>&#8222;Macht Freude beim Schenken f\u00fcr Gro\u00df und Klein.&#8220;<\/p>\n<p>Bestellungen nehmen wir gerne unter 0664\/2328725 oder 07273\/20219 entgegen.<\/p>\n<p>Wir freuen uns auf Ihren Anruf!<\/span><\/span><\/h4>\n<h4><span style=\"font-size: medium;\"><span style=\"font-family: 'Droid Serif'; color: #000000;\"><\/span><\/span><\/h4>\n<p>[\/et_pb_text][\/et_pb_column][et_pb_column type=&#8220;1_2&#8243; _builder_version=&#8220;3.0.47&#8243; parallax=&#8220;off&#8220; parallax_method=&#8220;on&#8220;][et_pb_image src=&#8220;https:\/\/hofladen-rathmayr.at\/wp-content\/uploads\/2018\/05\/rathmayr_geschenkskorb-e1529739106451.jpg&#8220; _builder_version=&#8220;3.1.1&#8243;]&nbsp;<br \/>\n[\/et_pb_image][\/et_pb_column][\/et_pb_row][et_pb_row custom_padding=&#8220;27px|0px|27px|0px&#8220; _builder_version=&#8220;3.0.47&#8243; background_size=&#8220;initial&#8220; background_position=&#8220;top_left&#8220; background_repeat=&#8220;repeat&#8220;][et_pb_column type=&#8220;4_4&#8243; _builder_version=&#8220;3.0.47&#8243; parallax=&#8220;off&#8220; parallax_method=&#8220;on&#8220;][et_pb_text _builder_version=&#8220;3.1.1&#8243; inline_fonts=&#8220;Droid Serif&#8220;]<\/p>\n<h4 style=\"text-align: center;\"><span style=\"font-family: 'Droid Serif'; font-weight: normal;\">Einige Beispiele von Platten, die wir f\u00fcr unsere Kunden angerichtet haben.<\/span><\/h4>\n<p>[\/et_pb_text][et_pb_gallery gallery_ids=&#8220;54,98,100,55&#8243; gallery_captions=&#8220;,,dav,&#8220; posts_number=&#8220;24&#8243; show_title_and_caption=&#8220;off&#8220; show_pagination=&#8220;off&#8220; _builder_version=&#8220;3.1.1&#8243; border_width_all=&#8220;1px&#8220; border_color_all=&#8220;#ffffff&#8220; custom_margin=&#8220;|||&#8220; animation_style=&#8220;zoom&#8220;]&nbsp;<br \/>\n[\/et_pb_gallery][\/et_pb_column][\/et_pb_row][\/et_pb_section][et_pb_section fb_built=&#8220;1&#8243; _builder_version=&#8220;3.1.1&#8243; custom_padding=&#8220;3px|0px|62.84375px|0px&#8220; global_module=&#8220;239&#8243;][et_pb_row custom_padding=&#8220;0|0px|14px|0px&#8220; padding_top_1=&#8220;30px&#8220; padding_top_2=&#8220;30px&#8220; padding_right_1=&#8220;30px&#8220; padding_right_2=&#8220;30px&#8220; padding_bottom_1=&#8220;30px&#8220; padding_bottom_2=&#8220;30px&#8220; padding_left_1=&#8220;30px&#8220; padding_left_2=&#8220;30px&#8220; _builder_version=&#8220;3.1.1&#8243; background_color=&#8220;#0f8700&#8243; background_size=&#8220;initial&#8220; background_position=&#8220;top_left&#8220; background_repeat=&#8220;repeat&#8220;][et_pb_column type=&#8220;1_2&#8243; _builder_version=&#8220;3.0.47&#8243; padding_bottom=&#8220;30px&#8220; padding_left=&#8220;30px&#8220; padding_right=&#8220;30px&#8220; padding_top=&#8220;30px&#8220; parallax=&#8220;off&#8220; parallax_method=&#8220;on&#8220;][et_pb_text _builder_version=&#8220;3.1.1&#8243; inline_fonts=&#8220;Droid Serif&#8220;]<\/p>\n<p><span style=\"font-family: 'Droid Serif'; font-weight: normal; color: #ffffff;\">Wir freuen uns auf Ihren Besuch:<\/span><br \/><span style=\"font-family: 'Droid Serif'; font-weight: normal; color: #ffffff;\"> <img loading=\"lazy\" class=\"alignnone wp-image-202\" src=\"https:\/\/hofladen-rathmayr.at\/wp-content\/uploads\/2018\/05\/Rathmayr_Logo-300x157.png\" alt=\"\" width=\"177\" height=\"93\" srcset=\"https:\/\/hofladen-rathmayr.at\/wp-content\/uploads\/2018\/05\/Rathmayr_Logo-300x157.png 300w, https:\/\/hofladen-rathmayr.at\/wp-content\/uploads\/2018\/05\/Rathmayr_Logo-768x402.png 768w, https:\/\/hofladen-rathmayr.at\/wp-content\/uploads\/2018\/05\/Rathmayr_Logo-1024x536.png 1024w, https:\/\/hofladen-rathmayr.at\/wp-content\/uploads\/2018\/05\/Rathmayr_Logo-1080x565.png 1080w, https:\/\/hofladen-rathmayr.at\/wp-content\/uploads\/2018\/05\/Rathmayr_Logo.png 1280w\" sizes=\"(max-width: 177px) 100vw, 177px\" \/><\/span><br \/><span style=\"font-family: 'Droid Serif'; font-weight: normal; color: #ffffff;\">Karin &amp; Fritz Rathmayr<br \/>Karling 36, 4081 Hartkirchen<\/span><\/p>\n<p><span style=\"font-family: 'Droid Serif'; font-weight: normal; color: #ffffff;\">Wir freuen uns auf Anruf\/Email f\u00fcr Bestellungen:<\/span><br \/><span style=\"font-family: 'Droid Serif'; font-weight: normal; color: #ffffff;\"> Telefon: 0 7273 20219 <br \/>Mobil: 0 664 2328725<\/span><br \/><span style=\"font-family: 'Droid Serif'; font-weight: normal; color: #ffffff;\"> E-Mail:\u00a0<a style=\"color: #ffffff;\" title=\"mailto:f.rathmayr@gmx.at\" href=\"mailto:f.rathmayr@gmx.at\">f.rathmayr@gmx.at<\/a><\/span><\/p>\n<p>[\/et_pb_text][\/et_pb_column][et_pb_column type=&#8220;1_2&#8243; _builder_version=&#8220;3.0.47&#8243; padding_bottom=&#8220;30px&#8220; padding_left=&#8220;30px&#8220; padding_right=&#8220;30px&#8220; padding_top=&#8220;30px&#8220; parallax=&#8220;off&#8220; parallax_method=&#8220;on&#8220;][et_pb_text _builder_version=&#8220;3.1.1&#8243; inline_fonts=&#8220;Droid Serif&#8220;]<\/p>\n<p><span style=\"color: #ffffff; font-family: 'Droid Serif';\">Unser \u00d6ffnungszeiten:<br \/>Montag, Donnerstag, Freitag<br \/>und Samstag: 8.00 \u2013 12.00 Uhr, 13.00 \u2013 18.00 Uhr Dienstag<br \/>und Mittwoch:\u00a08.00 \u2013 12.00 Uhr<\/span><\/p>\n<p><span style=\"color: #ffffff; font-family: 'Droid Serif';\"><a style=\"color: #ffffff;\" href=\"https:\/\/hofladen-rathmayr.at\/\">Schmankerl Hofladen<\/a> <\/span><br \/><span style=\"color: #ffffff; font-family: 'Droid Serif';\"><a style=\"color: #ffffff;\" href=\"https:\/\/hofladen-rathmayr.at\/index.php\/produkte-und-service\/\">Produkte &amp; Service<\/a> <\/span><br \/><span style=\"color: #ffffff; font-family: 'Droid Serif';\"><a style=\"color: #ffffff;\" href=\"https:\/\/hofladen-rathmayr.at\/index.php\/familie-rathmayr\/\">Familie Rathmayr<\/a> <\/span><br \/><span style=\"color: #ffffff; font-family: 'Droid Serif';\"><a style=\"color: #ffffff;\" href=\"https:\/\/hofladen-rathmayr.at\/index.php\/kontakt\/\">Anfahrt &amp; Kontakt<\/a> <\/span><br \/><span style=\"color: #ffffff; font-family: 'Droid Serif';\"><a style=\"color: #ffffff;\" href=\"https:\/\/hofladen-rathmayr.at\/index.php\/impressum\/\">Impressum<\/a> <\/span><br \/><a href=\"https:\/\/hofladen-rathmayr.at\/index.php\/datenschutz\/\"><span style=\"color: #ffffff;\"><span style=\"font-family: 'Droid Serif';\">Datenschutz<\/span><\/span><\/a><\/p>\n<p><span style=\"color: #ffffff;\"><a style=\"color: #ffffff;\" href=\"https:\/\/www.facebook.com\/Schmankerlhof\"><img loading=\"lazy\" class=\"wp-image-265 alignnone size-full\" src=\"https:\/\/hofladen-rathmayr.at\/wp-content\/uploads\/2018\/05\/fbiconfwhite.png\" alt=\"\" width=\"19\" height=\"18\" srcset=\"https:\/\/hofladen-rathmayr.at\/wp-content\/uploads\/2018\/05\/fbiconfwhite.png 152w, https:\/\/hofladen-rathmayr.at\/wp-content\/uploads\/2018\/05\/fbiconfwhite-150x150.png 150w\" sizes=\"(max-width: 19px) 100vw, 19px\" \/>\u00a0www.facebook.com\/Schmankerlhof<\/a><\/span><\/p>\n<p>[\/et_pb_text][\/et_pb_column][\/et_pb_row][\/et_pb_section]<\/p>\n","protected":false},"excerpt":{"rendered":"<p>UNSER PERS\u00d6NLICHES SERVICE F\u00dcR SIE. &nbsp; &#8222;SCHMANKERL BUFFET&#8220; &nbsp; Ob f\u00fcr Jubil\u00e4en, Firmenfeiern oder Geburtstage servieren wir f\u00fcr Sie ein schmackhaftes regionales Buffet. &#8222;Schmankerl-Korb&#8220;\u00a0 \u00a0Als Geschenk oder Mitbringsel eignet sich ein regionaler &#8222;Schmankerl-Korb&#8220; individuell auf Ihren Preiswunsch abgestimmt.\u00a0&#8222;Macht Freude beim Schenken f\u00fcr Gro\u00df und Klein.&#8220; Bestellungen nehmen wir gerne unter 0664\/2328725 oder 07273\/20219 entgegen. Wir [&hellip;]<\/p>\n","protected":false},"author":1,"featured_media":0,"parent":0,"menu_order":0,"comment_status":"closed","ping_status":"closed","template":"","meta":{"_et_pb_use_builder":"on","_et_pb_old_content":"","_et_gb_content_width":""},"_links":{"self":[{"href":"https:\/\/hofladen-rathmayr.at\/index.php\/wp-json\/wp\/v2\/pages\/17"}],"collection":[{"href":"https:\/\/hofladen-rathmayr.at\/index.php\/wp-json\/wp\/v2\/pages"}],"about":[{"href":"https:\/\/hofladen-rathmayr.at\/index.php\/wp-json\/wp\/v2\/types\/page"}],"author":[{"embeddable":true,"href":"https:\/\/hofladen-rathmayr.at\/index.php\/wp-json\/wp\/v2\/users\/1"}],"replies":[{"embeddable":true,"href":"https:\/\/hofladen-rathmayr.at\/index.php\/wp-json\/wp\/v2\/comments?post=17"}],"version-history":[{"count":27,"href":"https:\/\/hofladen-rathmayr.at\/index.php\/wp-json\/wp\/v2\/pages\/17\/revisions"}],"predecessor-version":[{"id":501,"href":"https:\/\/hofladen-rathmayr.at\/index.php\/wp-json\/wp\/v2\/pages\/17\/revisions\/501"}],"wp:attachment":[{"href":"https:\/\/hofladen-rathmayr.at\/index.php\/wp-json\/wp\/v2\/media?parent=17"}],"curies":[{"name":"wp","href":"https:\/\/api.w.org\/{rel}","templated":true}]}}