{"id":15,"date":"2018-05-12T11:29:17","date_gmt":"2018-05-12T09:29:17","guid":{"rendered":"http:\/\/hofladen-rathmayr.at\/?page_id=15"},"modified":"2018-05-16T16:43:22","modified_gmt":"2018-05-16T14:43:22","slug":"datenschutz","status":"publish","type":"page","link":"https:\/\/hofladen-rathmayr.at\/index.php\/datenschutz\/","title":{"rendered":"Datenschutz"},"content":{"rendered":"<p>[et_pb_section bb_built=&#8220;1&#8243; next_background_color=&#8220;#000000&#8243;][et_pb_row][et_pb_column type=&#8220;4_4&#8243;][et_pb_text _builder_version=&#8220;3.1.1&#8243;]<\/p>\n<p><b>Datenschutzhinweis<\/b><\/p>\n<p>Bei einem Besuch auf hofladen-rathmayr.at werden ohne Vertragsabschluss oder ohne Ihre gew\u00fcnschte Registrierung keine personenbezogenen Daten von Ihnen erhoben.<\/p>\n<p>Wenn Sie unsere Internet-Seiten besuchen, verzeichnen unsere Web-Server tempor\u00e4r den Domain-Namen oder die IP-Adresse des anfragenden Rechners, die Dateianfrage des Clients (Dateiname und URL), den http-Antwort-Code und die Internet-Seite, von der aus Sie uns besuchen.<\/p>\n<p>Wenn Sie per Formular auf der Website oder per E-Mail Kontakt mit uns aufnehmen, werden Ihre angegebenen Daten zwecks Bearbeitung der Anfrage und f\u00fcr den Fall von Anschlussfragen sechs Monate bei uns gespeichert. Diese Daten geben wir nicht ohne Ihre Einwilligung weiter.<\/p>\n<p><b>Datenspeicherung<\/b><\/p>\n<p>Die von Ihnen bereit gestellten Daten sind zur Vertragserf\u00fcllung bzw zur Durchf\u00fchrung vorvertraglicher Ma\u00dfnahmen erforderlich. Ohne diese Daten k\u00f6nnen wir den Vertrag mit Ihnen nicht abschlie\u00dfen. Eine Daten\u00fcbermittlung an Dritte erfolgt nicht.<\/p>\n<p>Rechnungsinformation gehen an unseren Steuerberater zur Erf\u00fcllung unserer steuerrechtlichen Verpflichtungen.<\/p>\n<p><b>Cookies<\/b><\/p>\n<p>Unsere Website verwendet so genannte Cookies. Dabei handelt es sich um kleine Textdateien, die mit Hilfe des Browsers auf Ihrem Endger\u00e4t abgelegt werden. Sie richten keinen Schaden an.<\/p>\n<p>Wir nutzen Cookies dazu, unser Angebot nutzerfreundlich zu gestalten. Einige Cookies bleiben auf Ihrem Endger\u00e4t gespeichert, bis Sie diese l\u00f6schen. Sie erm\u00f6glichen es uns, Ihren Browser beim n\u00e4chsten Besuch wiederzuerkennen.<\/p>\n<p>Wenn Sie dies nicht w\u00fcnschen, so k\u00f6nnen Sie Ihren Browser so einrichten, dass er Sie \u00fcber das Setzen von Cookies informiert und Sie dies nur im Einzelfall erlauben.<\/p>\n<p>Bei der Deaktivierung von Cookies kann die Funktionalit\u00e4t unserer Website eingeschr\u00e4nkt sein.<\/p>\n<p><b>Google AdWords Conversion Tracking<\/b><\/p>\n<p>Diese Webseite nutzt das Google AdWords Conversion-Tracking. Wenn Sie \u00fcber eine Google Anzeige zu unserer Website weitergeleitet wurden, wird auf Ihrem Rechner ein Cookie gesetzt. Besucht der Nutzer bestimmte Seiten von hofladen-Rathmayr.at Website und das Cookie ist noch nicht abgelaufen, k\u00f6nnen Google und hofladen-rathmayr.at erkennen, dass der Nutzer auf die Anzeige geklickt hat und zu dieser Seite weitergeleitet wurde. Jeder Google AdWords-Kunde erh\u00e4lt ein anderes Cookie. Cookies k\u00f6nnen somit nicht \u00fcber die Websites von AdWords-Kunden nachverfolgt werden. Cookies verlieren nach 30 Tagen seine G\u00fcltigkeit und dient nicht der pers\u00f6nlichen Identifizierung. Wenn Sie Cookies f\u00fcr Conversion-Tracking deaktivieren m\u00f6chten, k\u00f6nnen Sie Ihren Browser so einstellen, dass Cookies von der Domain &#8222;googleadservices.com&#8220; blockiert werden. Weitere Informationen finden Sie unter: http:\/\/www.google.de\/privacy_cookies.html<\/p>\n<p><b>Verwendung von Google Analytics<\/b><\/p>\n<p>Diese Website benutzt Google Analytics, einen Webanalysedienst der Google Inc. (\u201eGoogle\u201c). Google Analytics verwendet sog. \u201eCookies\u201c, Textdateien, die auf Ihrem Computer gespeichert werden und die eine Analyse der Benutzung der Website durch Sie erm\u00f6glichen. Die durch den Cookie erzeugten Informationen \u00fcber Ihre Benutzung dieser Website (einschlie\u00dflich Ihrer IP-Adresse) wird an einen Server von Google in den USA \u00fcbertragen und dort gespeichert. Google wird diese Informationen benutzen, um Ihre Nutzung der Website auszuwerten, um Reports \u00fcber die Websiteaktivit\u00e4ten f\u00fcr die Websitebetreiber zusammenzustellen und um weitere mit der Websitenutzung und der Internetnutzung verbundene Dienstleistungen zu erbringen. Auch wird Google diese Informationen gegebenenfalls an Dritte \u00fcbertragen, sofern dies gesetzlich vorgeschrieben oder soweit Dritte diese Daten im Auftrag von Google verarbeiten. Google wird in keinem Fall Ihre IP-Adresse mit anderen Daten von Google in Verbindung bringen. Sie k\u00f6nnen die Installation der Cookies durch eine entsprechende Einstellung Ihrer Browser Software verhindern; wir weisen Sie jedoch darauf hin, dass Sie in diesem Fall gegebenenfalls nicht s\u00e4mtliche Funktionen dieser Website vollumf\u00e4nglich nutzen k\u00f6nnen. Durch die Nutzung dieser Website erkl\u00e4ren Sie sich mit der Bearbeitung der \u00fcber Sie erhobenen Daten durch Google in der zuvor beschriebenen Art und Weise und zu dem zuvor benannten Zweck einverstanden.<\/p>\n<p>Sie k\u00f6nnen der Erhebung und Speicherung Ihrer Daten jederzeit mit Wirkung f\u00fcr die Zukunft widersprechen. Wir m\u00f6chten angesichts der Diskussion um den Einsatz von Analysetools mit vollst\u00e4ndigen IP-Adressen darauf hinweisen, dass, um eine direkte Personenbeziehbarkeit auszuschlie\u00dfen, auf dieser Website IP-Adressen nur gek\u00fcrzt weiterverarbeitet werden, da wir Google Analytics mit der Erweiterung \u201e_anonymizeIp()\u201c verwenden.<\/p>\n<p>Ihre IP-Adresse wird erfasst, aber umgehend (z.B. durch L\u00f6schung der letzten 8 Bit) pseudonymisiert. Dadurch ist nur mehr eine grobe Lokalisierung m\u00f6glich.<\/p>\n<p><b>Newsletter<\/b><\/p>\n<p>Das Abo des Newsletters k\u00f6nnen Sie jederzeit stornieren. Sie haben im Newsletter Email selbst die M\u00f6glichkeit den Newsletter zu stonieren (unscribe) Wir l\u00f6schen anschlie\u00dfend umgehend Ihre Daten im Zusammenhang mit dem Newsletter-Versand.<\/p>\n<p><b>Datenschutzerkl\u00e4rung f\u00fcr die Nutzung von\u00a0Facebook<\/b><\/p>\n<p>Auf unseren Seiten sind Plugins des sozialen Netzwerks Facebook, 1601 South California Avenue, Palo Alto, CA 94304, USA integriert. Die Facebook-Plugins erkennen Sie an dem Facebook-Logo oder dem \u201eLike-Button\u201c (\u201eGef\u00e4llt mir\u201c) auf unserer Seite. Eine \u00dcbersicht \u00fcber die Facebook-Plugins finden Sie hier: <a href=\"https:\/\/developers.facebook.com\/docs\/plugins\/\">https:\/\/developers.facebook.com\/docs\/plugins\/<\/a>.<\/p>\n<p>Wenn Sie unsere Seiten besuchen, wird \u00fcber das Plugin eine direkte Verbindung zwischen Ihrem Browser und dem Facebook-Server hergestellt. Facebook erh\u00e4lt dadurch die Information, dass Sie mit Ihrer IP-Adresse unsere Seite besucht haben. Wenn Sie den Facebook \u201eLike-Button\u201c anklicken w\u00e4hrend Sie in Ihrem Facebook-Account eingeloggt sind, k\u00f6nnen Sie die Inhalte unserer Seiten auf Ihrem Facebook-Profil verlinken. Dadurch kann Facebook den Besuch unserer Seiten Ihrem Benutzerkonto zuordnen. Wir weisen darauf hin, dass wir als Anbieter der Seiten keine Kenntnis vom Inhalt der \u00fcbermittelten Daten sowie deren Nutzung durch Facebook erhalten. Weitere Informationen hierzu finden Sie in der Datenschutzerkl\u00e4rung von facebook unter <a href=\"https:\/\/www.facebook.com\/policy.php\">https:\/\/www.facebook.com\/policy.php<\/a>\u00a0Wenn Sie nicht w\u00fcnschen, dass Facebook den Besuch unserer Seiten Ihrem Facebook- Nutzerkonto zuordnen\u00a0kann, loggen Sie sich bitte aus Ihrem Facebook-Benutzerkonto aus.<\/p>\n<p>Auskunftsrecht<\/p>\n<p>Sie haben jederzeit das Recht auf Auskunft \u00fcber die bez\u00fcglich Ihrer Person gespeicherten Daten, deren Herkunft und Empf\u00e4nger sowie den Zweck der Speicherung.<\/p>\n<p>Sollten Sie Fragen zur Erhebung, Verarbeitung oder Nutzung Ihrer personenbezogenen Daten haben oder Auskunft, Berichtigung, Sperrung oder L\u00f6schung von Daten begehren, wenden Sie sich bitte ebenso wie zum Widerruf erteilter Einwilligungen an <a title=\"mailto:f.rathmayr@gmx.at\" href=\"mailto:f.rathmayr@gmx.at\">f.rathmayr@gmx.at<\/a><\/p>\n<p>[\/et_pb_text][\/et_pb_column][\/et_pb_row][\/et_pb_section][et_pb_section bb_built=&#8220;1&#8243; _builder_version=&#8220;3.1.1&#8243; custom_padding=&#8220;3px|0px|62.84375px|0px&#8220; global_module=&#8220;239&#8243; prev_background_color=&#8220;#000000&#8243;][et_pb_row global_parent=&#8220;239&#8243; custom_padding=&#8220;0|0px|14px|0px&#8220; padding_top_1=&#8220;30px&#8220; padding_top_2=&#8220;30px&#8220; padding_right_1=&#8220;30px&#8220; padding_right_2=&#8220;30px&#8220; padding_bottom_1=&#8220;30px&#8220; padding_bottom_2=&#8220;30px&#8220; padding_left_1=&#8220;30px&#8220; padding_left_2=&#8220;30px&#8220; _builder_version=&#8220;3.1.1&#8243; background_color=&#8220;#0f8700&#8243; background_size=&#8220;initial&#8220; background_position=&#8220;top_left&#8220; background_repeat=&#8220;repeat&#8220;][et_pb_column type=&#8220;1_2&#8243;][et_pb_text global_parent=&#8220;239&#8243; _builder_version=&#8220;3.1.1&#8243; inline_fonts=&#8220;Droid Serif&#8220;]<\/p>\n<p><span style=\"font-family: 'Droid Serif'; font-weight: normal; color: #ffffff;\">Wir freuen uns auf Ihren Besuch:<\/span><br \/>\n<span style=\"font-family: 'Droid Serif'; font-weight: normal; color: #ffffff;\"> <img loading=\"lazy\" class=\"alignnone wp-image-202\" src=\"https:\/\/hofladen-rathmayr.at\/wp-content\/uploads\/2018\/05\/Rathmayr_Logo-300x157.png\" alt=\"\" width=\"177\" height=\"93\" srcset=\"https:\/\/hofladen-rathmayr.at\/wp-content\/uploads\/2018\/05\/Rathmayr_Logo-300x157.png 300w, https:\/\/hofladen-rathmayr.at\/wp-content\/uploads\/2018\/05\/Rathmayr_Logo-768x402.png 768w, https:\/\/hofladen-rathmayr.at\/wp-content\/uploads\/2018\/05\/Rathmayr_Logo-1024x536.png 1024w, https:\/\/hofladen-rathmayr.at\/wp-content\/uploads\/2018\/05\/Rathmayr_Logo-1080x565.png 1080w, https:\/\/hofladen-rathmayr.at\/wp-content\/uploads\/2018\/05\/Rathmayr_Logo.png 1280w\" sizes=\"(max-width: 177px) 100vw, 177px\" \/><\/span><br \/>\n<span style=\"font-family: 'Droid Serif'; font-weight: normal; color: #ffffff;\">Karin &amp; Fritz Rathmayr<br \/>\nKarling 36, 4081 Hartkirchen<\/span><\/p>\n<p><span style=\"font-family: 'Droid Serif'; font-weight: normal; color: #ffffff;\">Wir freuen uns auf Anruf\/Email f\u00fcr Bestellungen:<\/span><br \/>\n<span style=\"font-family: 'Droid Serif'; font-weight: normal; color: #ffffff;\"> Telefon: 0 7273 20219<\/span><br \/>\n<span style=\"font-family: 'Droid Serif'; font-weight: normal; color: #ffffff;\"> E-Mail:\u00a0<a style=\"color: #ffffff;\" title=\"mailto:f.rathmayr@gmx.at\" href=\"mailto:f.rathmayr@gmx.at\">f.rathmayr@gmx.at<\/a><\/span><\/p>\n<p>[\/et_pb_text][\/et_pb_column][et_pb_column type=&#8220;1_2&#8243;][et_pb_text global_parent=&#8220;239&#8243; _builder_version=&#8220;3.1.1&#8243; inline_fonts=&#8220;Droid Serif&#8220;]<\/p>\n<p><span style=\"color: #ffffff; font-family: 'Droid Serif';\">Unser \u00d6ffnungszeiten:<br \/>\nMontag, Donnerstag, Freitag<br \/>\nund Samstag: 8.00 \u2013 12.00 Uhr, 13.00 \u2013 18.00 Uhr Dienstag<br \/>\nund Mittwoch:\u00a08.00 \u2013 12.00 Uhr<\/span><\/p>\n<p><span style=\"color: #ffffff; font-family: 'Droid Serif';\"><a style=\"color: #ffffff;\" href=\"https:\/\/hofladen-rathmayr.at\/\">Schmankerl Hofladen<\/a> <\/span><br \/>\n<span style=\"color: #ffffff; font-family: 'Droid Serif';\"><a style=\"color: #ffffff;\" href=\"https:\/\/hofladen-rathmayr.at\/index.php\/produkte-und-service\/\">Produkte &amp; Service<\/a> <\/span><br \/>\n<span style=\"color: #ffffff; font-family: 'Droid Serif';\"><a style=\"color: #ffffff;\" href=\"https:\/\/hofladen-rathmayr.at\/index.php\/familie-rathmayr\/\">Familie Rathmayr<\/a> <\/span><br \/>\n<span style=\"color: #ffffff; font-family: 'Droid Serif';\"><a style=\"color: #ffffff;\" href=\"https:\/\/hofladen-rathmayr.at\/index.php\/kontakt\/\">Anfahrt &amp; Kontakt<\/a> <\/span><br \/>\n<span style=\"color: #ffffff; font-family: 'Droid Serif';\"><a style=\"color: #ffffff;\" href=\"https:\/\/hofladen-rathmayr.at\/index.php\/impressum\/\">Impressum<\/a> <\/span><br \/>\n<a href=\"https:\/\/www.facebook.com\/Schmankerlhof\/\"><span style=\"color: #ffffff;\"><span style=\"font-family: 'Droid Serif';\">Datenschutz<\/span><\/span><\/a><\/p>\n<p><span style=\"color: #ffffff;\"><a style=\"color: #ffffff;\" href=\"www.facebook.com\/Schmankerlhof\"><img loading=\"lazy\" class=\"wp-image-265 alignnone size-full\" src=\"https:\/\/hofladen-rathmayr.at\/wp-content\/uploads\/2018\/05\/fbiconfwhite.png\" alt=\"\" width=\"19\" height=\"18\" srcset=\"https:\/\/hofladen-rathmayr.at\/wp-content\/uploads\/2018\/05\/fbiconfwhite.png 152w, https:\/\/hofladen-rathmayr.at\/wp-content\/uploads\/2018\/05\/fbiconfwhite-150x150.png 150w\" sizes=\"(max-width: 19px) 100vw, 19px\" \/>\u00a0www.facebook.com\/Schmankerlhof<\/a><\/span><\/p>\n<p>[\/et_pb_text][\/et_pb_column][\/et_pb_row][\/et_pb_section]<\/p>\n","protected":false},"excerpt":{"rendered":"<p><div class=\"et_pb_row et_pb_row_0 et_pb_row_empty\">\n\t\t\t\t\n\t\t\t\t\n\t\t\t\t\n\t\t\t\t\n\t\t\t\t\n\t\t\t<\/div> Datenschutzhinweis Bei einem Besuch auf hofladen-rathmayr.at werden ohne Vertragsabschluss oder ohne Ihre gew\u00fcnschte Registrierung keine personenbezogenen Daten von Ihnen erhoben. Wenn Sie unsere Internet-Seiten besuchen, verzeichnen unsere Web-Server tempor\u00e4r den Domain-Namen oder die IP-Adresse des anfragenden Rechners, die Dateianfrage des Clients (Dateiname und URL), den http-Antwort-Code und die Internet-Seite, von der aus Sie uns [&hellip;]<\/p>\n","protected":false},"author":1,"featured_media":0,"parent":0,"menu_order":0,"comment_status":"closed","ping_status":"closed","template":"","meta":{"_et_pb_use_builder":"on","_et_pb_old_content":"","_et_gb_content_width":""},"_links":{"self":[{"href":"https:\/\/hofladen-rathmayr.at\/index.php\/wp-json\/wp\/v2\/pages\/15"}],"collection":[{"href":"https:\/\/hofladen-rathmayr.at\/index.php\/wp-json\/wp\/v2\/pages"}],"about":[{"href":"https:\/\/hofladen-rathmayr.at\/index.php\/wp-json\/wp\/v2\/types\/page"}],"author":[{"embeddable":true,"href":"https:\/\/hofladen-rathmayr.at\/index.php\/wp-json\/wp\/v2\/users\/1"}],"replies":[{"embeddable":true,"href":"https:\/\/hofladen-rathmayr.at\/index.php\/wp-json\/wp\/v2\/comments?post=15"}],"version-history":[{"count":4,"href":"https:\/\/hofladen-rathmayr.at\/index.php\/wp-json\/wp\/v2\/pages\/15\/revisions"}],"predecessor-version":[{"id":379,"href":"https:\/\/hofladen-rathmayr.at\/index.php\/wp-json\/wp\/v2\/pages\/15\/revisions\/379"}],"wp:attachment":[{"href":"https:\/\/hofladen-rathmayr.at\/index.php\/wp-json\/wp\/v2\/media?parent=15"}],"curies":[{"name":"wp","href":"https:\/\/api.w.org\/{rel}","templated":true}]}}